{"id":1711,"date":"2020-03-10T21:14:25","date_gmt":"2020-03-10T21:14:25","guid":{"rendered":"https:\/\/fpicdialogue.org\/?page_id=1711"},"modified":"2021-04-23T16:56:06","modified_gmt":"2021-04-23T16:56:06","slug":"about-the-guide","status":"publish","type":"page","link":"https:\/\/fpicdialogue.org\/es\/fpic-guide\/about-the-guide\/","title":{"rendered":"Acerca de este Manual"},"content":{"rendered":"<div id=\"pl-gb1711-69e6432d31a09\"  class=\"panel-layout\" ><div id=\"pg-gb1711-69e6432d31a09-0\"  class=\"panel-grid panel-has-style\"  style=\"margin-bottom: 0px;margin-left: 0px;margin-right: 0px;\" ><div class=\"headerRow siteorigin-panels-stretch kt-panel-row-stretch panel-widget-style panel-row-style panel-row-style-for-gb1711-69e6432d31a09-0\" style=\"background-image: url(https:\/\/fpicdialogue.org\/wp-content\/uploads\/development.jpg);background-size: cover;background-position: center top;visibility: hidden;\" data-stretch-type=\"full\" ><div id=\"pgc-gb1711-69e6432d31a09-0-0\"  class=\"panel-grid-cell\" ><div id=\"panel-gb1711-69e6432d31a09-0-0-0\" class=\"widget_text so-panel widget widget_custom_html panel-first-child widgetopts-SO\" data-index=\"0\" ><div class=\"textwidget custom-html-widget\"><h1 class=\"white_title\">Acerca de este Manual<\/h1><p class=\"guide_text\">&nbsp;\n<\/p><\/div><\/div><div id=\"panel-gb1711-69e6432d31a09-0-0-1\" class=\"widget_text so-panel widget widget_custom_html widgetopts-SO\" data-index=\"1\" ><div class=\"textwidget custom-html-widget\"><p style=\"text-align:center;\"><span style=\"text-align:center\"><a href=\"\/es\/fpic-guide\/pre-feasibility\/\" id=\"kadbtn13\" target=\"_self\" class=\"kad-btn btn-shortcode kad-btn-primary lg-kad-btn headerfont\" style=\"background-color:transparent; border: 4px solid; border-color:#ffffff; border-radius:6px; color:#ffffff;\" onmouseover=\"this.style.background=&#039;#ffffff&#039;,this.style.color=&#039;#000000&#039;,this.style.borderColor=&#039;#ffffff&#039;\" onmouseout=\"this.style.background=&#039;transparent&#039;,this.style.color=&#039;#ffffff&#039;,this.style.borderColor=&#039;#ffffff&#039;\">Explora el Manuel <i class='icon-arrow-right'><\/i><\/a><\/span><\/p>\n\n<script type=\"text\/javascript\">\njQuery( document ).ready(function() {\n\tjQuery('i.icon-arrow-left').prependTo('.lg-kad-btn:first').css('margin','0 6px 0 0');\n});\n<\/script><\/div><\/div><div id=\"panel-gb1711-69e6432d31a09-0-0-2\" class=\"widget_text so-panel widget widget_custom_html panel-last-child widgetopts-SO\" data-index=\"2\" ><div class=\"textwidget custom-html-widget\"><div style=\"text-align:right;padding:0 10px 0 0;color:#fff;font-size:12px;\">Cr\u00e9dito de la foto: Tom Fisk<\/div><\/div><\/div><\/div><\/div><\/div><\/div>\n\n\n<hr class=\"wp-block-separator has-text-color has-background has-white-background-color has-white-color is-style-default spaceSep\"\/>\n\n\n<style>.kt-tabs-id_a3e49e-f4 > .kt-tabs-content-wrap > .wp-block-kadence-tab{border-top-width:3px;border-right-width:0px;border-bottom-width:0px;border-left-width:0px;border-color:#9e0b0f;border-top-left-radius:0px;border-top-right-radius:0px;border-bottom-right-radius:0px;border-bottom-left-radius:0px;padding-top:var(--global-kb-spacing-sm, 1.5rem);padding-right:var(--global-kb-spacing-sm, 1.5rem);padding-bottom:var(--global-kb-spacing-sm, 1.5rem);padding-left:var(--global-kb-spacing-sm, 1.5rem);background:#ffffff;}.wp-block-kadence-tabs .kt-tabs-id_a3e49e-f4 > .kt-tabs-title-list li{margin-top:0px;margin-right:8px;margin-bottom:0px;margin-left:0px;}.wp-block-kadence-tabs .kt-tabs-id_a3e49e-f4 > .kt-tabs-title-list li:last-child{margin-right:0px;}.wp-block-kadence-tabs .kt-tabs-id_a3e49e-f4 > .kt-tabs-title-list li .kt-tab-title, .wp-block-kadence-tabs .kt-tabs-id_a3e49e-f4 > .kt-tabs-content-wrap > .kt-tabs-accordion-title .kt-tab-title{line-height:1.4em;font-weight:regular;font-style:normal;border-top-width:0px;border-right-width:0px;border-bottom-width:0px;border-left-width:0px;border-top-left-radius:4px;border-top-right-radius:4px;border-bottom-right-radius:0px;border-bottom-left-radius:0px;padding-top:8px;padding-right:20px;padding-bottom:8px;padding-left:20px;border-color:#eeeeee;color:#222222;background:#eeeeee;}.wp-block-kadence-tabs .kt-tabs-id_a3e49e-f4 > .kt-tabs-content-wrap > .kt-tabs-accordion-title .kt-tab-title{margin-top:0px;margin-right:8px;margin-bottom:0px;margin-left:0px;}.wp-block-kadence-tabs .kt-tabs-id_a3e49e-f4 > .kt-tabs-title-list li .kt-tab-title:hover, .wp-block-kadence-tabs .kt-tabs-id_a3e49e-f4 > .kt-tabs-content-wrap > .kt-tabs-accordion-title .kt-tab-title:hover{border-color:#eeeeee;color:#222222;background:#e2e2e2;}.wp-block-kadence-tabs .kt-tabs-id_a3e49e-f4 > .kt-tabs-title-list li.kt-tab-title-active .kt-tab-title, .wp-block-kadence-tabs .kt-tabs-id_a3e49e-f4 > .kt-tabs-content-wrap > .kt-tabs-accordion-title.kt-tab-title-active .kt-tab-title{border-color:#eeeeee;color:#ffffff;background:#9e0b0f;}@media all and (min-width: 768px) and (max-width: 1024px){.wp-block-kadence-tabs .kt-tabs-id_a3e49e-f4{display:flex;}.wp-block-kadence-tabs .kt-tabs-id_a3e49e-f4 > .kt-tabs-title-list{float:none;width:30%;}.wp-block-kadence-tabs .kt-tabs-id_a3e49e-f4 > .kt-tabs-content-wrap{float:none;width:auto;-webkit-flex:1;flex:1;}}<\/style>\n<div class=\"wp-block-kadence-tabs alignnone\"><div class=\"kt-tabs-wrap kt-tabs-id_a3e49e-f4 kt-tabs-has-2-tabs kt-active-tab-1 kt-tabs-layout-tabs kt-tabs-tablet-layout-vtabs kt-tabs-mobile-layout-accordion kt-tab-alignment-left kt-create-accordion\" style=\"max-width:none\"><ul class=\"kt-tabs-title-list\"><li id=\"tab-abouttheguide\" class=\"kt-title-item kt-title-item-1 kt-tabs-svg-show-always kt-tabs-icon-side-right kt-tab-title-active\"><a href=\"#tab-abouttheguide\" data-tab=\"1\" class=\"kt-tab-title kt-tab-title-1\"><span class=\"kt-title-text\">Acerca de este Manual<\/span><\/a><\/li><li id=\"tab-fpicfundamentals\" class=\"kt-title-item kt-title-item-2 kt-tabs-svg-show-always kt-tabs-icon-side-right kt-tab-title-inactive\"><a href=\"#tab-fpicfundamentals\" data-tab=\"2\" class=\"kt-tab-title kt-tab-title-2\"><span class=\"kt-title-text\">Fundamentos del CLPI<\/span><\/a><\/li><\/ul><div class=\"kt-tabs-content-wrap\">\n<div class=\"wp-block-kadence-tab kt-tab-inner-content kt-inner-tab-1 kt-inner-tab_111a96-67\"><div class=\"kt-tab-inner-content-inner\">\n<p>Los proyectos importantes, ya sean de miner\u00eda, energ\u00eda o agricultura, tienen impactos sociales y\necon\u00f3micos considerables. Por lo general implican limitar el acceso a la tierra y otros recursos naturales.\nLos impactos sobre el paisaje suelen ser significativos durante la vida del proyecto y a veces son\npermanentes.<\/p>\n\n\n\n<p>Es importante que las empresas y las comunidades compartan informaci\u00f3n y entablen un di\u00e1logo para\ngarantizar que las comunidades sepan de antemano c\u00f3mo podr\u00edan verse afectadas, que sus intereses\nsean incluidos en la planificaci\u00f3n de los proyectos por parte de las empresas y que las oportunidades\ncreadas para el desarrollo social y econ\u00f3mico se alineen con las aspiraciones de la comunidad. Las\ncomunidades y las empresas deber\u00edan llegar a acuerdos sobre el manejo de los impactos sociales y\nambientales, las compensaciones para las comunidades por los impactos negativos, y las maneras en que\nel proyecto podr\u00eda brindar beneficios a la comunidad.<\/p>\n\n\n\n<p>Para las comunidades ind\u00edgenas, el Consentimiento Libre, Previo e Informado es el proceso que re\u00fane\ntodo esto y que resulta en que la comunidad tome la decisi\u00f3n de dar o negar su consentimiento para el\nproyecto.<\/p>\n\n\n\n<p>Los proyectos importantes son complicados. Pasan por m\u00faltiples etapas, a menudo con cambios de\npersonal, y las comunidades tambi\u00e9n cambian. El prop\u00f3sito de esta gu\u00eda es ayudar a las comunidades y\nempresas a llegar a una hoja de ruta compartida para la toma de decisiones, basadas en el CLPI, sobre la\naceptaci\u00f3n de un proyecto o no y - en caso que as\u00ed sea - sobre la aceptaci\u00f3n de cambios posteriores en el\nproyecto. La gu\u00eda busca brindar una estructura com\u00fan que pueda ser \u00fatil desde la perspectiva tanto de\nlas comunidades como de las empresas, contribuyendo a organizar el di\u00e1logo de una manera pr\u00e1ctica\nque resulte beneficiosa durante los procesos de exploraci\u00f3n, desarrollo, operaciones, expansi\u00f3n y cierre\ndel emplazamiento.<\/p>\n\n\n\n<figure class=\"wp-block-pullquote alignright is-style-default\"><blockquote class=\"has-text-color has-virtue-primary-light-color\"><p>Ofrecemos esta gu\u00eda con un esp\u00edritu de\nhumildad. Reconocemos que nuestra\npropia comprensi\u00f3n de los matices de\nla implementaci\u00f3n del CLPI es\nincompleta y contin\u00faa evolucionando.\nTambi\u00e9n reconocemos que no hemos\nincluido una serie de temas\nimportantes... Esperamos dar\nmantenimiento, actualizar y\ncomplementar esta gu\u00eda a medida que\ncontinuamos aprendiendo y creciendo\ngracias a experiencias compartidas y\nun di\u00e1logo continuo.<\/p><\/blockquote><\/figure>\n\n\n\n<p>La gu\u00eda fue desarrollada por RESOLVE para capturar los\nresultados de una iniciativa en curso, establecida en\n2012, que reuni\u00f3 a la sociedad civil, representantes\nind\u00edgenas y de las empresas, para encontrar maneras\npr\u00e1cticas en que las comunidades y las empresas\npudieran trabajar juntas durante los procesos de CLPI.  El&nbsp;<a href=\"\/es\/about-the-dialogue\/\">Di\u00e1logo sobre Soluciones de CLPI\u00a0<\/a>&nbsp;es una colaboraci\u00f3n\nentre ONG, representantes de comunidades y empresas\ncomprometidas con el CLPI, que trabajaron juntas para\ndesarrollar una gu\u00eda pr\u00e1ctica para apoyar la toma de\ndecisiones basada en derechos. A lo largo de los a\u00f1os, los\nmiembros han compartido experiencias, desaf\u00edos y\nconsejos, creando como resultado una serie de ideas\ncompartidas que los han ayudado en su implementaci\u00f3n\nde los principios del CLPI.<\/p>\n\n\n\n<p>La gu\u00eda es un esfuerzo por compartir esas ideas\ncolectivas de forma m\u00e1s amplia. Hemos observado que\nincluso cuando las empresas se comprometen de buena\nfe, los desacuerdos y las fallas en la comunicaci\u00f3n\npueden ser comunes. Esto podr\u00eda deberse a la falta de\nuna visi\u00f3n com\u00fan y\/o a la falta de comunicaci\u00f3n efectiva sobre las necesidades, capacidades,\nconocimientos y expectativas de todos los involucrados. Esta gu\u00eda busca ayudar a las empresas y\ncomunidades a reconocer d\u00f3nde pueden existir tales brechas, y ofrecer ideas, indicaciones y recursos\npara dar forma a un proceso constructivo de CLPI, adecuado a las necesidades \u00fanicas de los titulares de\nderechos y las partes interesadas involucrados.<\/p>\n\n\n\n<p>La Gu\u00eda est\u00e1 organizada siguiendo los diversos <a href=\"\/es\/fpic-guide-timeline\/\" target=\"_blank\" rel=\"noreferrer noopener\">hitos en la toma de decisiones<\/a> para ayudar a los usuarios\na reconocer las consideraciones clave del CLPI asociadas con cada una de las etapas del ciclo de vida de\nun proyecto. Dentro de cada hito, una secci\u00f3n &quot;para las comunidades&quot; describe las consideraciones,\nperspectivas y enfoques clave que pueden ser \u00fatiles para las comunidades. La secci\u00f3n &quot;para empresas&quot;\nes una gu\u00eda similar para las empresas. Hemos observado que estos hitos reflejan el ciclo de desarrollo\nt\u00edpico de los proyectos extractivos; aunque los principios del CLPI siguen siendo los mismos\nindependientemente del sector, las etapas espec\u00edficas y los tipos de informaci\u00f3n relevante pueden ser\ndiferentes para otros tipos de proyectos.<\/p>\n\n\n\n<p>Muchos temas y principios - incluyendo <a href=\"\/es\/agreements\/\">la elaboraci\u00f3n de acuerdos, consideraciones de g\u00e9nero e\ninclusi\u00f3n,<\/a>, <a href=\"\/es\/gender-and-inclusivity-in-fpic\/\">gender and inclusivity considerations<\/a>entre otros - tambi\u00e9n abarcan estas etapas. Estos temas est\u00e1n incluidos a trav\u00e9s de toda la\ngu\u00eda y tambi\u00e9n se puede acceder a ellos en conjunto en la secci\u00f3n &quot;Recursos&quot;.<\/p>\n\n\n\n<p>Ofrecemos esta gu\u00eda con un esp\u00edritu de humildad. Reconocemos que nuestra propia comprensi\u00f3n de los\nmatices de la implementaci\u00f3n del CLPI es incompleta y contin\u00faa evolucionando. Tambi\u00e9n reconocemos\nque nos falta tratar una serie de temas importantes - especialmente el papel del gobierno - pero tambi\u00e9n\nlos mecanismos de reclamaci\u00f3n, los estudios de referencia y las evaluaciones de impacto, el CLPI en las\ntransferencias de propiedad y el cuidado y mantenimiento, y mucho m\u00e1s. Esperamos dar mantenimiento,\nactualizar y complementar esta gu\u00eda a medida que continuamos aprendiendo y creciendo gracias a\nexperiencias compartidas y un di\u00e1logo continuo.<\/p>\n\n\n\n<p><\/p>\n<\/div><\/div>\n\n\n\n<div class=\"wp-block-kadence-tab kt-tab-inner-content kt-inner-tab-2 kt-inner-tab_9b5419-61\"><div class=\"kt-tab-inner-content-inner\"><section id=\"sticky-posts-12\" class=\"widget-1 widget-first resource-excerpts widget widget_ultimate_posts amr_widget\"><div class=\"resource-excerpts widget-inner\">\n\n<div class=\"upw-posts hfeed\">\n\n  \n      \n        \n        <article class=\"post-1550 post type-post status-publish format-standard hentry category-fpic-dialogue category-resources tag-about-the-guide\">\n\n          <header>\n\n            \n                          <h4 class=\"entry-title\">\n                <a href=\"https:\/\/fpicdialogue.org\/es\/policy-context\/\" rel=\"bookmark\">\n                  Contexto Normativo                <\/a>\n              <\/h4>\n            \n            \n          <\/header>\n\n                      <div class=\"entry-summary\">\n              <p>\n                El consentimiento libre, previo e informado (CLPI) es un derecho de los pueblos ind\u00edgenas, reconocido\npor el derecho internacional, que deriva del derecho a la autodeterminaci\u00f3n; el derecho a buscar\nlibremente el desarrollo econ\u00f3mico, social...                              <\/p>\n            <\/div>\n          \n          <footer>\n\n            \n            \n            \n          <\/footer>\n\n        <\/article>\n\n      \n        \n        <article class=\"post-1722 post type-post status-publish format-standard hentry category-fpic-dialogue category-resources tag-about-the-guide\">\n\n          <header>\n\n            \n                          <h4 class=\"entry-title\">\n                <a href=\"https:\/\/fpicdialogue.org\/es\/why-do-indigenous-peoples-need-fpic\/\" rel=\"bookmark\">\n                  Por qu\u00e9 los Gobiernos y las Empresas\ndeber\u00edan respetar el CLPI                <\/a>\n              <\/h4>\n            \n            \n          <\/header>\n\n                      <div class=\"entry-summary\">\n              <p>\n                La Declaraci\u00f3n de las Naciones Unidas sobre los Derechos de los Pueblos Ind\u00edgenas (DNUDPI), especifica\nque los pueblos ind\u00edgenas tienen derecho al consentimiento libre, previo e informado con respecto a sus\ntierras, cultura...                              <\/p>\n            <\/div>\n          \n          <footer>\n\n            \n            \n            \n          <\/footer>\n\n        <\/article>\n\n      \n        \n        <article class=\"post-1548 post type-post status-publish format-standard hentry category-fpic-dialogue category-resources tag-about-the-guide tag-construction-and-operations tag-pre-feasibility\">\n\n          <header>\n\n            \n                          <h4 class=\"entry-title\">\n                <a href=\"https:\/\/fpicdialogue.org\/es\/the-spirit-of-fpic\/\" rel=\"bookmark\">\n                  El Esp\u00edritu del CLPI                <\/a>\n              <\/h4>\n            \n            \n          <\/header>\n\n                      <div class=\"entry-summary\">\n              <p>\n                El CLPI significa que las decisiones de la comunidad sobre el desarrollo futuro son...                              <\/p>\n            <\/div>\n          \n          <footer>\n\n            \n            \n            \n          <\/footer>\n\n        <\/article>\n\n      \n  \n<\/div>\n\n<\/div><\/section>\n<\/div><\/div>\n<\/div><\/div><\/div>\n\n\n\n<h3 class=\"wp-block-heading\">Cita recomendada<\/h3>\n\n\n\n<p>The Practice of FPIC: Insights from the FPIC Solutions Dialogue, 2021. Kennedy, T., Martin, T., Lee, M., RESOLVE.<\/p>","protected":false},"excerpt":{"rendered":"<p>Recommended Citation The Practice of FPIC: Insights from the FPIC Solutions Dialogue, 2021. Kennedy, T., Martin, T., Lee, M., RESOLVE.<\/p>","protected":false},"author":1,"featured_media":0,"parent":1120,"menu_order":0,"comment_status":"closed","ping_status":"closed","template":"","meta":{"_acf_changed":false,"_coblocks_attr":"","_coblocks_dimensions":"","_coblocks_responsive_height":"","_coblocks_accordion_ie_support":"","kt_blocks_editor_width":"","_kad_blocks_custom_css":"","_kad_blocks_head_custom_js":"","_kad_blocks_body_custom_js":"","_kad_blocks_footer_custom_js":"","footnotes":""},"class_list":["post-1711","page","type-page","status-publish","hentry"],"acf":[],"yoast_head":"<!-- This site is optimized with the Yoast SEO plugin v27.4 - https:\/\/yoast.com\/product\/yoast-seo-wordpress\/ -->\n<title>About the Guide - FPIC Solutions Dialogue<\/title>\n<meta name=\"robots\" content=\"index, follow, max-snippet:-1, max-image-preview:large, max-video-preview:-1\" \/>\n<link rel=\"canonical\" href=\"https:\/\/fpicdialogue.org\/es\/fpic-guide\/about-the-guide\/\" \/>\n<meta property=\"og:locale\" content=\"es_ES\" \/>\n<meta property=\"og:type\" content=\"article\" \/>\n<meta property=\"og:title\" content=\"About the Guide - FPIC Solutions Dialogue\" \/>\n<meta property=\"og:description\" content=\"Recommended Citation The Practice of FPIC: Insights from the FPIC Solutions Dialogue, 2021. Kennedy, T., Martin, T., Lee, M., RESOLVE.\" \/>\n<meta property=\"og:url\" content=\"https:\/\/fpicdialogue.org\/es\/fpic-guide\/about-the-guide\/\" \/>\n<meta property=\"og:site_name\" content=\"FPIC Solutions Dialogue\" \/>\n<meta property=\"article:modified_time\" content=\"2021-04-23T16:56:06+00:00\" \/>\n<meta name=\"twitter:card\" content=\"summary_large_image\" \/>\n<meta name=\"twitter:label1\" content=\"Est. reading time\" \/>\n\t<meta name=\"twitter:data1\" content=\"4 minutos\" \/>\n<script type=\"application\/ld+json\" class=\"yoast-schema-graph\">{\"@context\":\"https:\\\/\\\/schema.org\",\"@graph\":[{\"@type\":\"WebPage\",\"@id\":\"https:\\\/\\\/fpicdialogue.org\\\/es\\\/fpic-guide\\\/about-the-guide\\\/\",\"url\":\"https:\\\/\\\/fpicdialogue.org\\\/es\\\/fpic-guide\\\/about-the-guide\\\/\",\"name\":\"About the Guide - FPIC Solutions Dialogue\",\"isPartOf\":{\"@id\":\"https:\\\/\\\/fpicdialogue.org\\\/#website\"},\"datePublished\":\"2020-03-10T21:14:25+00:00\",\"dateModified\":\"2021-04-23T16:56:06+00:00\",\"breadcrumb\":{\"@id\":\"https:\\\/\\\/fpicdialogue.org\\\/es\\\/fpic-guide\\\/about-the-guide\\\/#breadcrumb\"},\"inLanguage\":\"es-PE\",\"potentialAction\":[{\"@type\":\"ReadAction\",\"target\":[\"https:\\\/\\\/fpicdialogue.org\\\/es\\\/fpic-guide\\\/about-the-guide\\\/\"]}]},{\"@type\":\"BreadcrumbList\",\"@id\":\"https:\\\/\\\/fpicdialogue.org\\\/es\\\/fpic-guide\\\/about-the-guide\\\/#breadcrumb\",\"itemListElement\":[{\"@type\":\"ListItem\",\"position\":1,\"name\":\"Home\",\"item\":\"https:\\\/\\\/fpicdialogue.org\\\/\"},{\"@type\":\"ListItem\",\"position\":2,\"name\":\"FPIC Guide\",\"item\":\"https:\\\/\\\/fpicdialogue.org\\\/es\\\/fpic-guide\\\/\"},{\"@type\":\"ListItem\",\"position\":3,\"name\":\"About the Guide\"}]},{\"@type\":\"WebSite\",\"@id\":\"https:\\\/\\\/fpicdialogue.org\\\/#website\",\"url\":\"https:\\\/\\\/fpicdialogue.org\\\/\",\"name\":\"FPIC Solutions Dialogue\",\"description\":\"Free, prior and informed consent (FPIC) - an internationally recognized indigenous right\",\"potentialAction\":[{\"@type\":\"SearchAction\",\"target\":{\"@type\":\"EntryPoint\",\"urlTemplate\":\"https:\\\/\\\/fpicdialogue.org\\\/?s={search_term_string}\"},\"query-input\":{\"@type\":\"PropertyValueSpecification\",\"valueRequired\":true,\"valueName\":\"search_term_string\"}}],\"inLanguage\":\"es-PE\"}]}<\/script>\n<!-- \/ Yoast SEO plugin. -->","yoast_head_json":{"title":"About the Guide - FPIC Solutions Dialogue","robots":{"index":"index","follow":"follow","max-snippet":"max-snippet:-1","max-image-preview":"max-image-preview:large","max-video-preview":"max-video-preview:-1"},"canonical":"https:\/\/fpicdialogue.org\/es\/fpic-guide\/about-the-guide\/","og_locale":"es_ES","og_type":"article","og_title":"About the Guide - FPIC Solutions Dialogue","og_description":"Recommended Citation The Practice of FPIC: Insights from the FPIC Solutions Dialogue, 2021. Kennedy, T., Martin, T., Lee, M., RESOLVE.","og_url":"https:\/\/fpicdialogue.org\/es\/fpic-guide\/about-the-guide\/","og_site_name":"FPIC Solutions Dialogue","article_modified_time":"2021-04-23T16:56:06+00:00","twitter_card":"summary_large_image","twitter_misc":{"Est. reading time":"4 minutos"},"schema":{"@context":"https:\/\/schema.org","@graph":[{"@type":"WebPage","@id":"https:\/\/fpicdialogue.org\/es\/fpic-guide\/about-the-guide\/","url":"https:\/\/fpicdialogue.org\/es\/fpic-guide\/about-the-guide\/","name":"About the Guide - FPIC Solutions Dialogue","isPartOf":{"@id":"https:\/\/fpicdialogue.org\/#website"},"datePublished":"2020-03-10T21:14:25+00:00","dateModified":"2021-04-23T16:56:06+00:00","breadcrumb":{"@id":"https:\/\/fpicdialogue.org\/es\/fpic-guide\/about-the-guide\/#breadcrumb"},"inLanguage":"es-PE","potentialAction":[{"@type":"ReadAction","target":["https:\/\/fpicdialogue.org\/es\/fpic-guide\/about-the-guide\/"]}]},{"@type":"BreadcrumbList","@id":"https:\/\/fpicdialogue.org\/es\/fpic-guide\/about-the-guide\/#breadcrumb","itemListElement":[{"@type":"ListItem","position":1,"name":"Home","item":"https:\/\/fpicdialogue.org\/"},{"@type":"ListItem","position":2,"name":"FPIC Guide","item":"https:\/\/fpicdialogue.org\/es\/fpic-guide\/"},{"@type":"ListItem","position":3,"name":"About the Guide"}]},{"@type":"WebSite","@id":"https:\/\/fpicdialogue.org\/#website","url":"https:\/\/fpicdialogue.org\/","name":"Di\u00e1logo sobre Soluciones de CLPI\u00a0","description":"Free, prior and informed consent (FPIC) - an internationally recognized indigenous right","potentialAction":[{"@type":"SearchAction","target":{"@type":"EntryPoint","urlTemplate":"https:\/\/fpicdialogue.org\/?s={search_term_string}"},"query-input":{"@type":"PropertyValueSpecification","valueRequired":true,"valueName":"search_term_string"}}],"inLanguage":"es-PE"}]}},"taxonomy_info":[],"featured_image_src_large":false,"author_info":{"display_name":"resolvefpic","author_link":"https:\/\/fpicdialogue.org\/es\/author\/resolvefpic\/"},"comment_info":"","_links":{"self":[{"href":"https:\/\/fpicdialogue.org\/es\/wp-json\/wp\/v2\/pages\/1711","targetHints":{"allow":["GET"]}}],"collection":[{"href":"https:\/\/fpicdialogue.org\/es\/wp-json\/wp\/v2\/pages"}],"about":[{"href":"https:\/\/fpicdialogue.org\/es\/wp-json\/wp\/v2\/types\/page"}],"author":[{"embeddable":true,"href":"https:\/\/fpicdialogue.org\/es\/wp-json\/wp\/v2\/users\/1"}],"replies":[{"embeddable":true,"href":"https:\/\/fpicdialogue.org\/es\/wp-json\/wp\/v2\/comments?post=1711"}],"version-history":[{"count":27,"href":"https:\/\/fpicdialogue.org\/es\/wp-json\/wp\/v2\/pages\/1711\/revisions"}],"predecessor-version":[{"id":2199,"href":"https:\/\/fpicdialogue.org\/es\/wp-json\/wp\/v2\/pages\/1711\/revisions\/2199"}],"up":[{"embeddable":true,"href":"https:\/\/fpicdialogue.org\/es\/wp-json\/wp\/v2\/pages\/1120"}],"wp:attachment":[{"href":"https:\/\/fpicdialogue.org\/es\/wp-json\/wp\/v2\/media?parent=1711"}],"curies":[{"name":"wp","href":"https:\/\/api.w.org\/{rel}","templated":true}]}}