{"id":1120,"date":"2019-12-16T23:33:54","date_gmt":"2019-12-16T23:33:54","guid":{"rendered":"https:\/\/fpicdialogue.org\/?page_id=1120"},"modified":"2021-04-20T18:39:14","modified_gmt":"2021-04-20T18:39:14","slug":"fpic-guide","status":"publish","type":"page","link":"https:\/\/fpicdialogue.org\/fr\/fpic-guide\/","title":{"rendered":"Guide du CLPE"},"content":{"rendered":"<p class=\"small\">Cr\u00e9dit photo : Unsplash - Ian Macharia<\/p>\n\n\n<div class=\"row\"> <div class=\"col-md-6\">\n<h3>Principes Fondamentaux du CLPE<\/h3>\n<section id=\"sticky-posts-12\" class=\"widget-1 widget-first resource-excerpts widget widget_ultimate_posts amr_widget\"><div class=\"resource-excerpts widget-inner\">\n\n<div class=\"upw-posts hfeed\">\n\n  \n      \n        \n        <article class=\"post-1550 post type-post status-publish format-standard hentry category-fpic-dialogue category-resources tag-about-the-guide\">\n\n          <header>\n\n            \n                          <h4 class=\"entry-title\">\n                <a href=\"https:\/\/fpicdialogue.org\/fr\/policy-context\/\" rel=\"bookmark\">\n                  Contexte de la Politique                <\/a>\n              <\/h4>\n            \n            \n          <\/header>\n\n                      <div class=\"entry-summary\">\n              <p>\n                Le consentement libre, pr\u00e9alable et \u00e9clair\u00e9 (CLPE) est un droit des peuples autochtones, reconnu par le droit international, qui d\u00e9coule du droit \u00e0 l'autod\u00e9termination; le droit de poursuivre librement le d\u00e9veloppement \u00e9conomique, social et culturel...                              <\/p>\n            <\/div>\n          \n          <footer>\n\n            \n            \n            \n          <\/footer>\n\n        <\/article>\n\n      \n        \n        <article class=\"post-1722 post type-post status-publish format-standard hentry category-fpic-dialogue category-resources tag-about-the-guide\">\n\n          <header>\n\n            \n                          <h4 class=\"entry-title\">\n                <a href=\"https:\/\/fpicdialogue.org\/fr\/why-do-indigenous-peoples-need-fpic\/\" rel=\"bookmark\">\n                  Pourquoi les Gouvernements et les Entreprises Doivent Respecter le CLPE                <\/a>\n              <\/h4>\n            \n            \n          <\/header>\n\n                      <div class=\"entry-summary\">\n              <p>\n                La D\u00e9claration des Nations Unies sur les Droits des Peuples Autochtones (DNUDPA) pr\u00e9cise que les peuples autochtones ont le droit au consentement libre, pr\u00e9alable et \u00e9clair\u00e9 en ce qui concerne leurs terres, leur culture...                              <\/p>\n            <\/div>\n          \n          <footer>\n\n            \n            \n            \n          <\/footer>\n\n        <\/article>\n\n      \n        \n        <article class=\"post-1548 post type-post status-publish format-standard hentry category-fpic-dialogue category-resources tag-about-the-guide tag-construction-and-operations tag-pre-feasibility\">\n\n          <header>\n\n            \n                          <h4 class=\"entry-title\">\n                <a href=\"https:\/\/fpicdialogue.org\/fr\/the-spirit-of-fpic\/\" rel=\"bookmark\">\n                  L'esprit du CLPE                <\/a>\n              <\/h4>\n            \n            \n          <\/header>\n\n                      <div class=\"entry-summary\">\n              <p>\n                Le CLPE signifie que les d\u00e9cisions des communaut\u00e9s concernant le d\u00e9veloppement prospectif sont: LIBRES de toute contrainte et manipulation par des tiers tels que les gouvernements...                              <\/p>\n            <\/div>\n          \n          <footer>\n\n            \n            \n            \n          <\/footer>\n\n        <\/article>\n\n      \n  \n<\/div>\n\n<\/div><\/section>\n<h3>Citation recommand\u00e9e<\/h3>\n<p>The Practice of FPIC: Insights from the FPIC Solutions Dialogue, 2021. Kennedy, T., Martin, T., Lee, M., RESOLVE.<\/p>\n<\/div><div class=\"col-md-6\">\n<section id=\"kadence_recent_posts-4\" class=\"widget-2 widget kadence_recent_posts amr_widget\"><div class=\"widget-inner\"><h3>Derni\u00e8res nouvelles<\/h3>\t\t\t<ul>\n\t\t\t\t\t\t\t<li class=\"clearfix postclass\">\n\t\t\t\t\t<a href=\"https:\/\/fpicdialogue.org\/fr\/resolve-launches-guide\/\" title=\"RESOLVE launches guide on Free, Prior, and Informed Consent\" class=\"recentpost_featimg\">\n\t\t\t\t\t\t<img decoding=\"async\" width=\"80\" height=\"50\" src=\"https:\/\/fpicdialogue.org\/wp-content\/uploads\/A5-donovan-simpkin-sosqXdDsdy4-unsplash-80x50.jpg\" class=\"attachment-widget-thumb size-widget-thumb wp-post-image\" alt=\"\">\t\t\t\t\t<\/a>\n\t\t\t\t\t<a href=\"https:\/\/fpicdialogue.org\/fr\/resolve-launches-guide\/\" title=\"RESOLVE launches guide on Free, Prior, and Informed Consent\" class=\"recentpost_title\">\n\t\t\t\t\t\tRESOLVE launches guide on Free, Prior, and Informed Consent\t\t\t\t\t<\/a>\n\t\t\t\t\t<span class=\"recentpost_date color_gray\">\n\t\t\t\t\t\tmai 20, 2021\t\t\t\t\t<\/span>\n\t\t\t\t<\/li>\n\t\t\t\t\t\t\t<li class=\"clearfix postclass\">\n\t\t\t\t\t<a href=\"https:\/\/fpicdialogue.org\/fr\/basic-image-gallery-post\/\" title=\"Acknowledging Essential Contributions to the FPIC Guide\" class=\"recentpost_featimg\">\n\t\t\t\t\t\t<img decoding=\"async\" width=\"80\" height=\"50\" src=\"https:\/\/fpicdialogue.org\/wp-content\/uploads\/resources_img-80x50.jpg\" class=\"attachment-widget-thumb size-widget-thumb wp-post-image\" alt=\"Woman shaping bread\">\t\t\t\t\t<\/a>\n\t\t\t\t\t<a href=\"https:\/\/fpicdialogue.org\/fr\/basic-image-gallery-post\/\" title=\"Acknowledging Essential Contributions to the FPIC Guide\" class=\"recentpost_title\">\n\t\t\t\t\t\tAcknowledging Essential Contributions to the FPIC Guide\t\t\t\t\t<\/a>\n\t\t\t\t\t<span class=\"recentpost_date color_gray\">\n\t\t\t\t\t\tavril 26, 2021\t\t\t\t\t<\/span>\n\t\t\t\t<\/li>\n\t\t\t\t\t\t<\/ul>\n\t\t\t<\/div><\/section>\n<\/div><\/div>","protected":false},"excerpt":{"rendered":"<p>Cr\u00e9dit photo : Unsplash - Ian Macharia<\/p>","protected":false},"author":1,"featured_media":0,"parent":0,"menu_order":0,"comment_status":"closed","ping_status":"closed","template":"page-guide.php","meta":{"_acf_changed":false,"_coblocks_attr":"","_coblocks_dimensions":"","_coblocks_responsive_height":"","_coblocks_accordion_ie_support":"","kt_blocks_editor_width":"","_kad_blocks_custom_css":"","_kad_blocks_head_custom_js":"","_kad_blocks_body_custom_js":"","_kad_blocks_footer_custom_js":"","footnotes":""},"class_list":["post-1120","page","type-page","status-publish","hentry"],"acf":[],"yoast_head":"<!-- This site is optimized with the Yoast SEO plugin v27.6 - https:\/\/yoast.com\/product\/yoast-seo-wordpress\/ -->\n<title>FPIC Guide - FPIC Solutions Dialogue<\/title>\n<meta name=\"robots\" content=\"index, follow, max-snippet:-1, max-image-preview:large, max-video-preview:-1\" \/>\n<link rel=\"canonical\" href=\"https:\/\/fpicdialogue.org\/fr\/fpic-guide\/\" \/>\n<meta property=\"og:locale\" content=\"fr_FR\" \/>\n<meta property=\"og:type\" content=\"article\" \/>\n<meta property=\"og:title\" content=\"FPIC Guide - FPIC Solutions Dialogue\" \/>\n<meta property=\"og:description\" content=\"Photo Credit: Unsplash &#8211; Ian Macharia\" \/>\n<meta property=\"og:url\" content=\"https:\/\/fpicdialogue.org\/fr\/fpic-guide\/\" \/>\n<meta property=\"og:site_name\" content=\"FPIC Solutions Dialogue\" \/>\n<meta property=\"article:modified_time\" content=\"2021-04-20T18:39:14+00:00\" \/>\n<meta name=\"twitter:card\" content=\"summary_large_image\" \/>\n<meta name=\"twitter:label1\" content=\"Dur\u00e9e de lecture estim\u00e9e\" \/>\n\t<meta name=\"twitter:data1\" content=\"1 minute\" \/>\n<script type=\"application\/ld+json\" class=\"yoast-schema-graph\">{\"@context\":\"https:\\\/\\\/schema.org\",\"@graph\":[{\"@type\":\"WebPage\",\"@id\":\"https:\\\/\\\/fpicdialogue.org\\\/es\\\/fpic-guide\\\/\",\"url\":\"https:\\\/\\\/fpicdialogue.org\\\/es\\\/fpic-guide\\\/\",\"name\":\"FPIC Guide - FPIC Solutions Dialogue\",\"isPartOf\":{\"@id\":\"https:\\\/\\\/fpicdialogue.org\\\/#website\"},\"datePublished\":\"2019-12-16T23:33:54+00:00\",\"dateModified\":\"2021-04-20T18:39:14+00:00\",\"breadcrumb\":{\"@id\":\"https:\\\/\\\/fpicdialogue.org\\\/es\\\/fpic-guide\\\/#breadcrumb\"},\"inLanguage\":\"fr-FR\",\"potentialAction\":[{\"@type\":\"ReadAction\",\"target\":[\"https:\\\/\\\/fpicdialogue.org\\\/es\\\/fpic-guide\\\/\"]}]},{\"@type\":\"BreadcrumbList\",\"@id\":\"https:\\\/\\\/fpicdialogue.org\\\/es\\\/fpic-guide\\\/#breadcrumb\",\"itemListElement\":[{\"@type\":\"ListItem\",\"position\":1,\"name\":\"Home\",\"item\":\"https:\\\/\\\/fpicdialogue.org\\\/\"},{\"@type\":\"ListItem\",\"position\":2,\"name\":\"FPIC Guide\"}]},{\"@type\":\"WebSite\",\"@id\":\"https:\\\/\\\/fpicdialogue.org\\\/#website\",\"url\":\"https:\\\/\\\/fpicdialogue.org\\\/\",\"name\":\"FPIC Solutions Dialogue\",\"description\":\"Free, prior and informed consent (FPIC) - an internationally recognized indigenous right\",\"potentialAction\":[{\"@type\":\"SearchAction\",\"target\":{\"@type\":\"EntryPoint\",\"urlTemplate\":\"https:\\\/\\\/fpicdialogue.org\\\/?s={search_term_string}\"},\"query-input\":{\"@type\":\"PropertyValueSpecification\",\"valueRequired\":true,\"valueName\":\"search_term_string\"}}],\"inLanguage\":\"fr-FR\"}]}<\/script>\n<!-- \/ Yoast SEO plugin. -->","yoast_head_json":{"title":"FPIC Guide - FPIC Solutions Dialogue","robots":{"index":"index","follow":"follow","max-snippet":"max-snippet:-1","max-image-preview":"max-image-preview:large","max-video-preview":"max-video-preview:-1"},"canonical":"https:\/\/fpicdialogue.org\/fr\/fpic-guide\/","og_locale":"fr_FR","og_type":"article","og_title":"FPIC Guide - FPIC Solutions Dialogue","og_description":"Photo Credit: Unsplash &#8211; Ian Macharia","og_url":"https:\/\/fpicdialogue.org\/fr\/fpic-guide\/","og_site_name":"FPIC Solutions Dialogue","article_modified_time":"2021-04-20T18:39:14+00:00","twitter_card":"summary_large_image","twitter_misc":{"Dur\u00e9e de lecture estim\u00e9e":"1 minute"},"schema":{"@context":"https:\/\/schema.org","@graph":[{"@type":"WebPage","@id":"https:\/\/fpicdialogue.org\/es\/fpic-guide\/","url":"https:\/\/fpicdialogue.org\/es\/fpic-guide\/","name":"FPIC Guide - FPIC Solutions Dialogue","isPartOf":{"@id":"https:\/\/fpicdialogue.org\/#website"},"datePublished":"2019-12-16T23:33:54+00:00","dateModified":"2021-04-20T18:39:14+00:00","breadcrumb":{"@id":"https:\/\/fpicdialogue.org\/es\/fpic-guide\/#breadcrumb"},"inLanguage":"fr-FR","potentialAction":[{"@type":"ReadAction","target":["https:\/\/fpicdialogue.org\/es\/fpic-guide\/"]}]},{"@type":"BreadcrumbList","@id":"https:\/\/fpicdialogue.org\/es\/fpic-guide\/#breadcrumb","itemListElement":[{"@type":"ListItem","position":1,"name":"Home","item":"https:\/\/fpicdialogue.org\/"},{"@type":"ListItem","position":2,"name":"FPIC Guide"}]},{"@type":"WebSite","@id":"https:\/\/fpicdialogue.org\/#website","url":"https:\/\/fpicdialogue.org\/","name":"Concertation sur les Solutions au CLPE","description":"Free, prior and informed consent (FPIC) - an internationally recognized indigenous right","potentialAction":[{"@type":"SearchAction","target":{"@type":"EntryPoint","urlTemplate":"https:\/\/fpicdialogue.org\/?s={search_term_string}"},"query-input":{"@type":"PropertyValueSpecification","valueRequired":true,"valueName":"search_term_string"}}],"inLanguage":"fr-FR"}]}},"taxonomy_info":[],"featured_image_src_large":false,"author_info":{"display_name":"resolvefpic","author_link":"https:\/\/fpicdialogue.org\/fr\/author\/resolvefpic\/"},"comment_info":"","_links":{"self":[{"href":"https:\/\/fpicdialogue.org\/fr\/wp-json\/wp\/v2\/pages\/1120","targetHints":{"allow":["GET"]}}],"collection":[{"href":"https:\/\/fpicdialogue.org\/fr\/wp-json\/wp\/v2\/pages"}],"about":[{"href":"https:\/\/fpicdialogue.org\/fr\/wp-json\/wp\/v2\/types\/page"}],"author":[{"embeddable":true,"href":"https:\/\/fpicdialogue.org\/fr\/wp-json\/wp\/v2\/users\/1"}],"replies":[{"embeddable":true,"href":"https:\/\/fpicdialogue.org\/fr\/wp-json\/wp\/v2\/comments?post=1120"}],"version-history":[{"count":35,"href":"https:\/\/fpicdialogue.org\/fr\/wp-json\/wp\/v2\/pages\/1120\/revisions"}],"predecessor-version":[{"id":2187,"href":"https:\/\/fpicdialogue.org\/fr\/wp-json\/wp\/v2\/pages\/1120\/revisions\/2187"}],"wp:attachment":[{"href":"https:\/\/fpicdialogue.org\/fr\/wp-json\/wp\/v2\/media?parent=1120"}],"curies":[{"name":"wp","href":"https:\/\/api.w.org\/{rel}","templated":true}]}}