{"id":1711,"date":"2020-03-10T21:14:25","date_gmt":"2020-03-10T21:14:25","guid":{"rendered":"https:\/\/fpicdialogue.org\/?page_id=1711"},"modified":"2021-04-23T16:56:06","modified_gmt":"2021-04-23T16:56:06","slug":"about-the-guide","status":"publish","type":"page","link":"https:\/\/fpicdialogue.org\/fr\/fpic-guide\/about-the-guide\/","title":{"rendered":"\u00c0 propos de ce Guide"},"content":{"rendered":"<div id=\"pl-gb1711-69e62c625d15f\"  class=\"panel-layout\" ><div id=\"pg-gb1711-69e62c625d15f-0\"  class=\"panel-grid panel-has-style\"  style=\"margin-bottom: 0px;margin-left: 0px;margin-right: 0px;\" ><div class=\"headerRow siteorigin-panels-stretch kt-panel-row-stretch panel-widget-style panel-row-style panel-row-style-for-gb1711-69e62c625d15f-0\" style=\"background-image: url(https:\/\/fpicdialogue.org\/wp-content\/uploads\/development.jpg);background-size: cover;background-position: center top;visibility: hidden;\" data-stretch-type=\"full\" ><div id=\"pgc-gb1711-69e62c625d15f-0-0\"  class=\"panel-grid-cell\" ><div id=\"panel-gb1711-69e62c625d15f-0-0-0\" class=\"widget_text so-panel widget widget_custom_html panel-first-child widgetopts-SO\" data-index=\"0\" ><div class=\"textwidget custom-html-widget\"><h1 class=\"white_title\">\u00c0 propos de ce Guide<\/h1><p class=\"guide_text\">&nbsp;\n<\/p><\/div><\/div><div id=\"panel-gb1711-69e62c625d15f-0-0-1\" class=\"widget_text so-panel widget widget_custom_html widgetopts-SO\" data-index=\"1\" ><div class=\"textwidget custom-html-widget\"><p style=\"text-align:center;\"><span style=\"text-align:center\"><a href=\"\/fr\/fpic-guide\/pre-feasibility\/\" id=\"kadbtn25\" target=\"_self\" class=\"kad-btn btn-shortcode kad-btn-primary lg-kad-btn headerfont\" style=\"background-color:transparent; border: 4px solid; border-color:#ffffff; border-radius:6px; color:#ffffff;\" onmouseover=\"this.style.background=&#039;#ffffff&#039;,this.style.color=&#039;#000000&#039;,this.style.borderColor=&#039;#ffffff&#039;\" onmouseout=\"this.style.background=&#039;transparent&#039;,this.style.color=&#039;#ffffff&#039;,this.style.borderColor=&#039;#ffffff&#039;\">Explorez le guide <i class='icon-arrow-right'><\/i><\/a><\/span><\/p>\n\n<script type=\"text\/javascript\">\njQuery( document ).ready(function() {\n\tjQuery('i.icon-arrow-left').prependTo('.lg-kad-btn:first').css('margin','0 6px 0 0');\n});\n<\/script><\/div><\/div><div id=\"panel-gb1711-69e62c625d15f-0-0-2\" class=\"widget_text so-panel widget widget_custom_html panel-last-child widgetopts-SO\" data-index=\"2\" ><div class=\"textwidget custom-html-widget\"><div style=\"text-align:right;padding:0 10px 0 0;color:#fff;font-size:12px;\">Cr\u00e9dit photo : Tom Fisk<\/div><\/div><\/div><\/div><\/div><\/div><\/div>\n\n\n<hr class=\"wp-block-separator has-text-color has-background has-white-background-color has-white-color is-style-default spaceSep\"\/>\n\n\n<style>.kt-tabs-id_a3e49e-f4 > .kt-tabs-content-wrap > .wp-block-kadence-tab{border-top-width:3px;border-right-width:0px;border-bottom-width:0px;border-left-width:0px;border-color:#9e0b0f;border-top-left-radius:0px;border-top-right-radius:0px;border-bottom-right-radius:0px;border-bottom-left-radius:0px;padding-top:var(--global-kb-spacing-sm, 1.5rem);padding-right:var(--global-kb-spacing-sm, 1.5rem);padding-bottom:var(--global-kb-spacing-sm, 1.5rem);padding-left:var(--global-kb-spacing-sm, 1.5rem);background:#ffffff;}.wp-block-kadence-tabs .kt-tabs-id_a3e49e-f4 > .kt-tabs-title-list li{margin-top:0px;margin-right:8px;margin-bottom:0px;margin-left:0px;}.wp-block-kadence-tabs .kt-tabs-id_a3e49e-f4 > .kt-tabs-title-list li:last-child{margin-right:0px;}.wp-block-kadence-tabs .kt-tabs-id_a3e49e-f4 > .kt-tabs-title-list li .kt-tab-title, .wp-block-kadence-tabs .kt-tabs-id_a3e49e-f4 > .kt-tabs-content-wrap > .kt-tabs-accordion-title .kt-tab-title{line-height:1.4em;font-weight:regular;font-style:normal;border-top-width:0px;border-right-width:0px;border-bottom-width:0px;border-left-width:0px;border-top-left-radius:4px;border-top-right-radius:4px;border-bottom-right-radius:0px;border-bottom-left-radius:0px;padding-top:8px;padding-right:20px;padding-bottom:8px;padding-left:20px;border-color:#eeeeee;color:#222222;background:#eeeeee;}.wp-block-kadence-tabs .kt-tabs-id_a3e49e-f4 > .kt-tabs-content-wrap > .kt-tabs-accordion-title .kt-tab-title{margin-top:0px;margin-right:8px;margin-bottom:0px;margin-left:0px;}.wp-block-kadence-tabs .kt-tabs-id_a3e49e-f4 > .kt-tabs-title-list li .kt-tab-title:hover, .wp-block-kadence-tabs .kt-tabs-id_a3e49e-f4 > .kt-tabs-content-wrap > .kt-tabs-accordion-title .kt-tab-title:hover{border-color:#eeeeee;color:#222222;background:#e2e2e2;}.wp-block-kadence-tabs .kt-tabs-id_a3e49e-f4 > .kt-tabs-title-list li.kt-tab-title-active .kt-tab-title, .wp-block-kadence-tabs .kt-tabs-id_a3e49e-f4 > .kt-tabs-content-wrap > .kt-tabs-accordion-title.kt-tab-title-active .kt-tab-title{border-color:#eeeeee;color:#ffffff;background:#9e0b0f;}@media all and (min-width: 768px) and (max-width: 1024px){.wp-block-kadence-tabs .kt-tabs-id_a3e49e-f4{display:flex;}.wp-block-kadence-tabs .kt-tabs-id_a3e49e-f4 > .kt-tabs-title-list{float:none;width:30%;}.wp-block-kadence-tabs .kt-tabs-id_a3e49e-f4 > .kt-tabs-content-wrap{float:none;width:auto;-webkit-flex:1;flex:1;}}<\/style>\n<div class=\"wp-block-kadence-tabs alignnone\"><div class=\"kt-tabs-wrap kt-tabs-id_a3e49e-f4 kt-tabs-has-2-tabs kt-active-tab-1 kt-tabs-layout-tabs kt-tabs-tablet-layout-vtabs kt-tabs-mobile-layout-accordion kt-tab-alignment-left kt-create-accordion\" style=\"max-width:none\"><ul class=\"kt-tabs-title-list\"><li id=\"tab-abouttheguide\" class=\"kt-title-item kt-title-item-1 kt-tabs-svg-show-always kt-tabs-icon-side-right kt-tab-title-active\"><a href=\"#tab-abouttheguide\" data-tab=\"1\" class=\"kt-tab-title kt-tab-title-1\"><span class=\"kt-title-text\">\u00c0 propos de ce Guide<\/span><\/a><\/li><li id=\"tab-fpicfundamentals\" class=\"kt-title-item kt-title-item-2 kt-tabs-svg-show-always kt-tabs-icon-side-right kt-tab-title-inactive\"><a href=\"#tab-fpicfundamentals\" data-tab=\"2\" class=\"kt-tab-title kt-tab-title-2\"><span class=\"kt-title-text\">Principes Fondamentaux du CLPE<\/span><\/a><\/li><\/ul><div class=\"kt-tabs-content-wrap\">\n<div class=\"wp-block-kadence-tab kt-tab-inner-content kt-inner-tab-1 kt-inner-tab_111a96-67\"><div class=\"kt-tab-inner-content-inner\">\n<p>Les grands projets, qu'ils soient miniers, \u00e9nerg\u00e9tiques ou agricoles, ont des impacts sociaux et \u00e9conomiques majeurs. Ils impliquent g\u00e9n\u00e9ralement de limiter l'acc\u00e8s \u00e0 la terre et \u00e0 d'autres ressources naturelles. Les impacts sur le paysage sont souvent importants pendant la dur\u00e9e de vie du projet et parfois permanents.<\/p>\n\n\n\n<p>Il est important que les entreprises et les communaut\u00e9s partagent des informations et engagent un dialogue pour s'assurer que les communaut\u00e9s savent \u00e0 l'avance comment elles pourraient \u00eatre affect\u00e9es, que leurs pr\u00e9occupations peuvent \u00eatre incluses dans la planification du projet par les entreprises et que les opportunit\u00e9s cr\u00e9\u00e9es pour le d\u00e9veloppement social et \u00e9conomique s'alignent sur les aspirations de la communaut\u00e9. Les communaut\u00e9s et les entreprises devraient s'entendre sur la mani\u00e8re de g\u00e9rer les impacts sociaux et environnementaux, la compensation qui devrait \u00eatre attribu\u00e9e aux communaut\u00e9s pour les impacts n\u00e9gatifs, et comment le projet peut apporter des avantages \u00e0 la communaut\u00e9.<\/p>\n\n\n\n<p>Pour les communaut\u00e9s autochtones, le Consentement Libre, Pr\u00e9alable et \u00c9clair\u00e9 est le processus qui r\u00e9unit tout cela et aboutit \u00e0 une d\u00e9cision de la communaut\u00e9 de donner ou de refuser son consentement pour le projet.<\/p>\n\n\n\n<p>Les grands projets sont compliqu\u00e9s. Ils passent par plusieurs phases, souvent avec des changements de personnel, et les communaut\u00e9s changent aussi. Le but de ce guide est d'aider les communaut\u00e9s et les entreprises \u00e0 parvenir \u00e0 une feuille de route commune pour les d\u00e9cisions relatives au CLPE sur l'opportunit\u00e9 d'accepter un projet et, dans l'affirmative, d'accepter ou non les changements dans le projet plus tard. Le guide cherche \u00e0 fournir une structure commune qui peut \u00eatre utile du point de vue des communaut\u00e9s et des entreprises, et les aider \u00e0 organiser la concertation d'une mani\u00e8re qui peut \u00eatre pratiquement b\u00e9n\u00e9fique tout au long des processus d'exploration, de d\u00e9veloppement, d'exploitation, d'expansion et de fermeture du site.<\/p>\n\n\n\n<figure class=\"wp-block-pullquote alignright is-style-default\"><blockquote class=\"has-text-color has-virtue-primary-light-color\"><p>Ce guide est pr\u00e9sent\u00e9 dans un esprit humble. Nous reconnaissons que notre propre compr\u00e9hension des nuances de la mise en \u0153uvre du FPIC est incompl\u00e8te et continue d'\u00e9voluer. Nous reconnaissons \u00e9galement qu'il manque un certain nombre de sujets importants\u2026 Nous pr\u00e9voyons de maintenir, mettre \u00e0 jour et compl\u00e9ter ce guide au fur et \u00e0 mesure que nous continuons \u00e0 apprendre et \u00e0 grandir gr\u00e2ce \u00e0 des exp\u00e9riences partag\u00e9es et un dialogue continu.<\/p><\/blockquote><\/figure>\n\n\n\n<p>Le guide a \u00e9t\u00e9 \u00e9labor\u00e9 par RESOLVE pour recueillir les informations d'une initiative en cours, mise en place en 2012, r\u00e9unissant la soci\u00e9t\u00e9 civile, les repr\u00e9sentants autochtones et les entreprises afin d'examiner des moyens pratiques pour les communaut\u00e9s et les entreprises de travailler ensemble pendant les processus du CLPE. La&nbsp;<a href=\"\/fr\/about-the-dialogue\/\">Concertation sur les Solutions au CLPE<\/a>&nbsp;est une collaboration entre des ONG, des repr\u00e9sentants de la communaut\u00e9 et des entreprises ayant des engagements en mati\u00e8re de CLPE travaillant ensemble pour d\u00e9velopper des conseils pratiques pour soutenir la prise de d\u00e9cision fond\u00e9e sur les droits. Au fil des ans, les membres ont partag\u00e9 leurs exp\u00e9riences, leurs d\u00e9fis et leurs avis, ce qui a abouti \u00e0 plusieurs id\u00e9es partag\u00e9es qui ont soutenu les membres dans leur propre mise en \u0153uvre des principes du CLPE.<\/p>\n\n\n\n<p>Ce guide constitue un effort de partager ces id\u00e9es collectives plus largement. Nous constatons que m\u00eame lorsque les entreprises s'engagent de bonne foi, des d\u00e9saccords et des pannes de communication peuvent survenir. Cela pourrait provenir d'un manque de compr\u00e9hension partag\u00e9 et \/ ou d'un manque de communication efficace sur les besoins, les capacit\u00e9s, les connaissances et les attentes de toutes les parties concern\u00e9es. Ce guide vise \u00e0 aider les entreprises et les communaut\u00e9s \u00e0 reconna\u00eetre o\u00f9 de telles lacunes peuvent \u00eatre pr\u00e9sentes, et \u00e0 offrir des id\u00e9es, des invites et des ressources pour \u00e9clairer un processus CLPE constructif adapt\u00e9 aux besoins uniques des titulaires de droits et des parties prenantes impliqu\u00e9es.<\/p>\n\n\n\n<p>Le Guide est structur\u00e9 par <a href=\"\/fr\/fpic-guide-timeline\/\" target=\"_blank\" rel=\"noreferrer noopener\">\u00e9tapes de prise de d\u00e9cisions<\/a> pour aider les utilisateurs \u00e0 reconna\u00eetre les principales consid\u00e9rations relatives au CLPE associ\u00e9es \u00e0 chaque \u00e9tape du cycle de vie d'un projet. Pour chaque jalon, une section \u00abpour les communaut\u00e9s\u00bb d\u00e9crit les principales consid\u00e9rations, perspectives et approches qui peuvent \u00eatre utiles aux communaut\u00e9s. \n\nLa section \u00abpour les entreprises\u00bb met en \u00e9vidence des orientations similaires pour les entreprises. Nous notons que ces jalons refl\u00e8tent le cycle de d\u00e9veloppement typique des projets extractifs; si les principes du CLPE restent les m\u00eames quel que soit le secteur, les \u00e9tapes sp\u00e9cifiques et les types d'informations pertinentes peuvent \u00eatre diff\u00e9rents pour d'autres types de projets.<\/p>\n\n\n\n<p>De nombreuses Questions et principes - y compris <a href=\"\/fr\/agreements\/\">la conclusion d'accords, les consid\u00e9rations de genre et d'inclusion,<\/a>, <a href=\"\/fr\/gender-and-inclusivity-in-fpic\/\">consid\u00e9r consid\u00e9r consid\u00e9r consid\u00e9r consid\u00e9rations de genre et d inclusion<\/a>et plus encore - traversent \u00e9galement ces \u00e9tapes. Ces Questions sont incluses \u00e0 travers le guide et peuvent \u00e9galement \u00eatre consult\u00e9s globalement dans la section \u00abRessources\u00bb.<\/p>\n\n\n\n<p>Ce guide est pr\u00e9sent\u00e9 dans un esprit humble. Nous reconnaissons que notre propre compr\u00e9hension des nuances de la mise en \u0153uvre du CLPE est incompl\u00e8te et continue d'\u00e9voluer. Nous reconnaissons \u00e9galement qu'il manque un certain nombre de sujets importants - en particulier le r\u00f4le du gouvernement, mais aussi les m\u00e9canismes de r\u00e9clamation, les \u00e9tudes de base et les \u00e9valuations d'impact, le CLPE dans les transferts de propri\u00e9t\u00e9 et les soins et l'entretien, et bien d'autres. Nous pr\u00e9voyons de maintenir, mettre \u00e0 jour et compl\u00e9ter ce guide au fur et \u00e0 mesure que nous continuons \u00e0 apprendre et \u00e0 grandir gr\u00e2ce \u00e0 des exp\u00e9riences partag\u00e9es et un dialogue continu.<\/p>\n\n\n\n<p><\/p>\n<\/div><\/div>\n\n\n\n<div class=\"wp-block-kadence-tab kt-tab-inner-content kt-inner-tab-2 kt-inner-tab_9b5419-61\"><div class=\"kt-tab-inner-content-inner\"><section id=\"sticky-posts-12\" class=\"widget-1 widget-first resource-excerpts widget widget_ultimate_posts amr_widget\"><div class=\"resource-excerpts widget-inner\">\n\n<div class=\"upw-posts hfeed\">\n\n  \n      \n        \n        <article class=\"post-1550 post type-post status-publish format-standard hentry category-fpic-dialogue category-resources tag-about-the-guide\">\n\n          <header>\n\n            \n                          <h4 class=\"entry-title\">\n                <a href=\"https:\/\/fpicdialogue.org\/fr\/policy-context\/\" rel=\"bookmark\">\n                  Contexte de la Politique                <\/a>\n              <\/h4>\n            \n            \n          <\/header>\n\n                      <div class=\"entry-summary\">\n              <p>\n                Le consentement libre, pr\u00e9alable et \u00e9clair\u00e9 (CLPE) est un droit des peuples autochtones, reconnu par le droit international, qui d\u00e9coule du droit \u00e0 l'autod\u00e9termination; le droit de poursuivre librement le d\u00e9veloppement \u00e9conomique, social et culturel...                              <\/p>\n            <\/div>\n          \n          <footer>\n\n            \n            \n            \n          <\/footer>\n\n        <\/article>\n\n      \n        \n        <article class=\"post-1722 post type-post status-publish format-standard hentry category-fpic-dialogue category-resources tag-about-the-guide\">\n\n          <header>\n\n            \n                          <h4 class=\"entry-title\">\n                <a href=\"https:\/\/fpicdialogue.org\/fr\/why-do-indigenous-peoples-need-fpic\/\" rel=\"bookmark\">\n                  Pourquoi les Gouvernements et les Entreprises Doivent Respecter le CLPE                <\/a>\n              <\/h4>\n            \n            \n          <\/header>\n\n                      <div class=\"entry-summary\">\n              <p>\n                La D\u00e9claration des Nations Unies sur les Droits des Peuples Autochtones (DNUDPA) pr\u00e9cise que les peuples autochtones ont le droit au consentement libre, pr\u00e9alable et \u00e9clair\u00e9 en ce qui concerne leurs terres, leur culture...                              <\/p>\n            <\/div>\n          \n          <footer>\n\n            \n            \n            \n          <\/footer>\n\n        <\/article>\n\n      \n        \n        <article class=\"post-1548 post type-post status-publish format-standard hentry category-fpic-dialogue category-resources tag-about-the-guide tag-construction-and-operations tag-pre-feasibility\">\n\n          <header>\n\n            \n                          <h4 class=\"entry-title\">\n                <a href=\"https:\/\/fpicdialogue.org\/fr\/the-spirit-of-fpic\/\" rel=\"bookmark\">\n                  L'esprit du CLPE                <\/a>\n              <\/h4>\n            \n            \n          <\/header>\n\n                      <div class=\"entry-summary\">\n              <p>\n                Le CLPE signifie que les d\u00e9cisions des communaut\u00e9s concernant le d\u00e9veloppement prospectif sont: LIBRES de toute contrainte et manipulation par des tiers tels que les gouvernements...                              <\/p>\n            <\/div>\n          \n          <footer>\n\n            \n            \n            \n          <\/footer>\n\n        <\/article>\n\n      \n  \n<\/div>\n\n<\/div><\/section>\n<\/div><\/div>\n<\/div><\/div><\/div>\n\n\n\n<h3 class=\"wp-block-heading\">Citation recommand\u00e9e<\/h3>\n\n\n\n<p>The Practice of FPIC: Insights from the FPIC Solutions Dialogue, 2021. Kennedy, T., Martin, T., Lee, M., RESOLVE.<\/p>","protected":false},"excerpt":{"rendered":"<p>Recommended Citation The Practice of FPIC: Insights from the FPIC Solutions Dialogue, 2021. Kennedy, T., Martin, T., Lee, M., RESOLVE.<\/p>","protected":false},"author":1,"featured_media":0,"parent":1120,"menu_order":0,"comment_status":"closed","ping_status":"closed","template":"","meta":{"_acf_changed":false,"_coblocks_attr":"","_coblocks_dimensions":"","_coblocks_responsive_height":"","_coblocks_accordion_ie_support":"","kt_blocks_editor_width":"","_kad_blocks_custom_css":"","_kad_blocks_head_custom_js":"","_kad_blocks_body_custom_js":"","_kad_blocks_footer_custom_js":"","footnotes":""},"class_list":["post-1711","page","type-page","status-publish","hentry"],"acf":[],"yoast_head":"<!-- This site is optimized with the Yoast SEO plugin v27.4 - https:\/\/yoast.com\/product\/yoast-seo-wordpress\/ -->\n<title>About the Guide - FPIC Solutions Dialogue<\/title>\n<meta name=\"robots\" content=\"index, follow, max-snippet:-1, max-image-preview:large, max-video-preview:-1\" \/>\n<link rel=\"canonical\" href=\"https:\/\/fpicdialogue.org\/fr\/fpic-guide\/about-the-guide\/\" \/>\n<meta property=\"og:locale\" content=\"fr_FR\" \/>\n<meta property=\"og:type\" content=\"article\" \/>\n<meta property=\"og:title\" content=\"About the Guide - FPIC Solutions Dialogue\" \/>\n<meta property=\"og:description\" content=\"Recommended Citation The Practice of FPIC: Insights from the FPIC Solutions Dialogue, 2021. Kennedy, T., Martin, T., Lee, M., RESOLVE.\" \/>\n<meta property=\"og:url\" content=\"https:\/\/fpicdialogue.org\/fr\/fpic-guide\/about-the-guide\/\" \/>\n<meta property=\"og:site_name\" content=\"FPIC Solutions Dialogue\" \/>\n<meta property=\"article:modified_time\" content=\"2021-04-23T16:56:06+00:00\" \/>\n<meta name=\"twitter:card\" content=\"summary_large_image\" \/>\n<meta name=\"twitter:label1\" content=\"Dur\u00e9e de lecture estim\u00e9e\" \/>\n\t<meta name=\"twitter:data1\" content=\"4 minutes\" \/>\n<script type=\"application\/ld+json\" class=\"yoast-schema-graph\">{\"@context\":\"https:\\\/\\\/schema.org\",\"@graph\":[{\"@type\":\"WebPage\",\"@id\":\"https:\\\/\\\/fpicdialogue.org\\\/es\\\/fpic-guide\\\/about-the-guide\\\/\",\"url\":\"https:\\\/\\\/fpicdialogue.org\\\/es\\\/fpic-guide\\\/about-the-guide\\\/\",\"name\":\"About the Guide - FPIC Solutions Dialogue\",\"isPartOf\":{\"@id\":\"https:\\\/\\\/fpicdialogue.org\\\/#website\"},\"datePublished\":\"2020-03-10T21:14:25+00:00\",\"dateModified\":\"2021-04-23T16:56:06+00:00\",\"breadcrumb\":{\"@id\":\"https:\\\/\\\/fpicdialogue.org\\\/es\\\/fpic-guide\\\/about-the-guide\\\/#breadcrumb\"},\"inLanguage\":\"fr-FR\",\"potentialAction\":[{\"@type\":\"ReadAction\",\"target\":[\"https:\\\/\\\/fpicdialogue.org\\\/es\\\/fpic-guide\\\/about-the-guide\\\/\"]}]},{\"@type\":\"BreadcrumbList\",\"@id\":\"https:\\\/\\\/fpicdialogue.org\\\/es\\\/fpic-guide\\\/about-the-guide\\\/#breadcrumb\",\"itemListElement\":[{\"@type\":\"ListItem\",\"position\":1,\"name\":\"Home\",\"item\":\"https:\\\/\\\/fpicdialogue.org\\\/\"},{\"@type\":\"ListItem\",\"position\":2,\"name\":\"FPIC Guide\",\"item\":\"https:\\\/\\\/fpicdialogue.org\\\/es\\\/fpic-guide\\\/\"},{\"@type\":\"ListItem\",\"position\":3,\"name\":\"About the Guide\"}]},{\"@type\":\"WebSite\",\"@id\":\"https:\\\/\\\/fpicdialogue.org\\\/#website\",\"url\":\"https:\\\/\\\/fpicdialogue.org\\\/\",\"name\":\"FPIC Solutions Dialogue\",\"description\":\"Free, prior and informed consent (FPIC) - an internationally recognized indigenous right\",\"potentialAction\":[{\"@type\":\"SearchAction\",\"target\":{\"@type\":\"EntryPoint\",\"urlTemplate\":\"https:\\\/\\\/fpicdialogue.org\\\/?s={search_term_string}\"},\"query-input\":{\"@type\":\"PropertyValueSpecification\",\"valueRequired\":true,\"valueName\":\"search_term_string\"}}],\"inLanguage\":\"fr-FR\"}]}<\/script>\n<!-- \/ Yoast SEO plugin. -->","yoast_head_json":{"title":"About the Guide - FPIC Solutions Dialogue","robots":{"index":"index","follow":"follow","max-snippet":"max-snippet:-1","max-image-preview":"max-image-preview:large","max-video-preview":"max-video-preview:-1"},"canonical":"https:\/\/fpicdialogue.org\/fr\/fpic-guide\/about-the-guide\/","og_locale":"fr_FR","og_type":"article","og_title":"About the Guide - FPIC Solutions Dialogue","og_description":"Recommended Citation The Practice of FPIC: Insights from the FPIC Solutions Dialogue, 2021. Kennedy, T., Martin, T., Lee, M., RESOLVE.","og_url":"https:\/\/fpicdialogue.org\/fr\/fpic-guide\/about-the-guide\/","og_site_name":"FPIC Solutions Dialogue","article_modified_time":"2021-04-23T16:56:06+00:00","twitter_card":"summary_large_image","twitter_misc":{"Dur\u00e9e de lecture estim\u00e9e":"4 minutes"},"schema":{"@context":"https:\/\/schema.org","@graph":[{"@type":"WebPage","@id":"https:\/\/fpicdialogue.org\/es\/fpic-guide\/about-the-guide\/","url":"https:\/\/fpicdialogue.org\/es\/fpic-guide\/about-the-guide\/","name":"About the Guide - FPIC Solutions Dialogue","isPartOf":{"@id":"https:\/\/fpicdialogue.org\/#website"},"datePublished":"2020-03-10T21:14:25+00:00","dateModified":"2021-04-23T16:56:06+00:00","breadcrumb":{"@id":"https:\/\/fpicdialogue.org\/es\/fpic-guide\/about-the-guide\/#breadcrumb"},"inLanguage":"fr-FR","potentialAction":[{"@type":"ReadAction","target":["https:\/\/fpicdialogue.org\/es\/fpic-guide\/about-the-guide\/"]}]},{"@type":"BreadcrumbList","@id":"https:\/\/fpicdialogue.org\/es\/fpic-guide\/about-the-guide\/#breadcrumb","itemListElement":[{"@type":"ListItem","position":1,"name":"Home","item":"https:\/\/fpicdialogue.org\/"},{"@type":"ListItem","position":2,"name":"FPIC Guide","item":"https:\/\/fpicdialogue.org\/es\/fpic-guide\/"},{"@type":"ListItem","position":3,"name":"About the Guide"}]},{"@type":"WebSite","@id":"https:\/\/fpicdialogue.org\/#website","url":"https:\/\/fpicdialogue.org\/","name":"Concertation sur les Solutions au CLPE","description":"Free, prior and informed consent (FPIC) - an internationally recognized indigenous right","potentialAction":[{"@type":"SearchAction","target":{"@type":"EntryPoint","urlTemplate":"https:\/\/fpicdialogue.org\/?s={search_term_string}"},"query-input":{"@type":"PropertyValueSpecification","valueRequired":true,"valueName":"search_term_string"}}],"inLanguage":"fr-FR"}]}},"taxonomy_info":[],"featured_image_src_large":false,"author_info":{"display_name":"resolvefpic","author_link":"https:\/\/fpicdialogue.org\/fr\/author\/resolvefpic\/"},"comment_info":"","_links":{"self":[{"href":"https:\/\/fpicdialogue.org\/fr\/wp-json\/wp\/v2\/pages\/1711","targetHints":{"allow":["GET"]}}],"collection":[{"href":"https:\/\/fpicdialogue.org\/fr\/wp-json\/wp\/v2\/pages"}],"about":[{"href":"https:\/\/fpicdialogue.org\/fr\/wp-json\/wp\/v2\/types\/page"}],"author":[{"embeddable":true,"href":"https:\/\/fpicdialogue.org\/fr\/wp-json\/wp\/v2\/users\/1"}],"replies":[{"embeddable":true,"href":"https:\/\/fpicdialogue.org\/fr\/wp-json\/wp\/v2\/comments?post=1711"}],"version-history":[{"count":27,"href":"https:\/\/fpicdialogue.org\/fr\/wp-json\/wp\/v2\/pages\/1711\/revisions"}],"predecessor-version":[{"id":2199,"href":"https:\/\/fpicdialogue.org\/fr\/wp-json\/wp\/v2\/pages\/1711\/revisions\/2199"}],"up":[{"embeddable":true,"href":"https:\/\/fpicdialogue.org\/fr\/wp-json\/wp\/v2\/pages\/1120"}],"wp:attachment":[{"href":"https:\/\/fpicdialogue.org\/fr\/wp-json\/wp\/v2\/media?parent=1711"}],"curies":[{"name":"wp","href":"https:\/\/api.w.org\/{rel}","templated":true}]}}